{"id":495,"date":"2021-05-24T19:16:38","date_gmt":"2021-05-24T17:16:38","guid":{"rendered":"http:\/\/mosquitos.ebd.csic.es\/?page_id=495"},"modified":"2023-03-28T01:46:47","modified_gmt":"2023-03-27T23:46:47","slug":"el-virus-del-nilo-occidental-o-virus-west-nile","status":"publish","type":"page","link":"https:\/\/mosquitos.ebd.csic.es\/?page_id=495","title":{"rendered":"EL VIRUS DEL NILO OCCIDENTAL O VIRUS WEST NILE (WNV)."},"content":{"rendered":"<div class=\"wp-block-image is-style-default\">\n<figure class=\"aligncenter size-large is-resized\"><img loading=\"lazy\" decoding=\"async\" src=\"https:\/\/mosquitos.ebd.csic.es\/wp-content\/uploads\/2021\/05\/Virus-del-Nilo-de-Science.jpg\" alt=\"Virus del Nilo\" class=\"wp-image-511\" width=\"503\" height=\"501\" srcset=\"https:\/\/mosquitos.ebd.csic.es\/wp-content\/uploads\/2021\/05\/Virus-del-Nilo-de-Science.jpg 1006w, https:\/\/mosquitos.ebd.csic.es\/wp-content\/uploads\/2021\/05\/Virus-del-Nilo-de-Science-300x300.jpg 300w, https:\/\/mosquitos.ebd.csic.es\/wp-content\/uploads\/2021\/05\/Virus-del-Nilo-de-Science-150x150.jpg 150w, https:\/\/mosquitos.ebd.csic.es\/wp-content\/uploads\/2021\/05\/Virus-del-Nilo-de-Science-768x765.jpg 768w\" sizes=\"auto, (max-width: 503px) 100vw, 503px\" \/><figcaption class=\"wp-element-caption\">Imagen procedente de Science: https:\/\/science.sciencemag.org\/content\/302\/5643\/248<\/figcaption><\/figure>\n<\/div>\n\n\n<p class=\"has-black-color has-text-color\" style=\"font-size:25px\">El virus West Nile  (WNV por su siglas en ingl\u00e9s) es un virus de ARN de la familia Flaviviridae, que se comporta ecol\u00f3gicamente como arbovirus, es decir es un virus transmitido por artr\u00f3podos hemat\u00f3fagos (fundamentalmente mosquitos pero tambi\u00e9n garrapatas) a hospedadores vertebrados.<\/p>\n\n\n\n<p class=\"has-black-color has-text-color\" style=\"font-size:25px\"><br>En su ciclo natural el virus es transmitido por mosquitos cul\u00edcidos a aves. El virus lleva a cabo una fase de su ciclo de vida en el mosquito, cuando al alimentarse \u00e9ste de un hospedador infectado y vir\u00e9mico, el virus logra pasar del sistema digestivo del insecto a las gl\u00e1ndulas salivares, esta fase se conoce como ciclo extr\u00ednseco de virus, momento en el que el virus se encuentra preparado para infectar a otro hospedador susceptible cuando el mosquito se alimente sobre \u00e9l. En el hospedador vertebrado, el virus se multiplica, durante el llamado ciclo intr\u00ednseco produciendo una viremia, que puede durar m\u00e1s o menos tiempo dependiendo del hospedador.<\/p>\n\n\n\n<p class=\"has-black-color has-text-color\" style=\"font-size:25px\"><br>Asimismo los mosquitos juegan un papel de reservorio de virus durante la estaci\u00f3n invernal ya que tanto en su fase de imagos, como en sus fases de larvas y huevos, el virus puede sobrevivir al invierno gracias a la transmisi\u00f3n transov\u00e1rica. Esto hace posible que el virus pueda reaparecer en un mismo lugar durante a\u00f1os consecutivos.<\/p>\n\n\n\n<p class=\"has-black-color has-text-color\" style=\"font-size:25px\"><br>Las aves son los hospedadores naturales de la infecci\u00f3n y los mayores amplificadores del virus, fundamentalmente las paseriformes. Aunque en la mayor\u00eda de ellas, no se observan cuadros cl\u00ednicos cuando est\u00e1n infectadas, en Europa, algunos c\u00f3rvidos, gorriones, rapaces, fochas y perdices han demostrado ser susceptibles de desarrollar la enfermedad.<\/p>\n\n\n\n<p class=\"has-black-color has-text-color\" style=\"font-size:25px\"><br>El virus West Nile puede asimismo infectar ocasionalmente a humanos y a caballos, comport\u00e1ndose \u00e9stos como hospedadores finales ya que no producen viremia suficiente como para contribuir al ciclo de transmisi\u00f3n. En recientes epidemias por WNV, el 80% de las infecciones en humanos fueron asintom\u00e1ticas, el 19% present\u00f3 s\u00edndrome febril generalmente auto-limitado y en menos del 1% de los casos dieron lugar a afectaci\u00f3n del SNC desarrollando meningitis, encefalitis o par\u00e1lisis fl\u00e1cida. La mayor\u00eda de los casos mortales (entre el 4% y el 15% de los pacientes con sistema nervioso central afectado) se producen en personas mayores de 50 a\u00f1os e inmunodeprimidos.<\/p>\n\n\n\n<p class=\"has-black-color has-text-color\" style=\"font-size:25px\"><br>En caballos, la enfermedad puede manifestarse desde asintom\u00e1tica hasta con una encefalitis.<\/p>\n\n\n\n<p class=\"has-vivid-cyan-blue-color has-text-color\" style=\"font-size:25px\"> M\u00e1s informaci\u00f3n en los siguientes enlaces: <\/p>\n\n\n\n<p class=\"has-black-color has-text-color has-medium-font-size\"><strong>1.- CENTRO EUROPEO DE PREVENCI\u00d3N Y CONTROL DE ENFERMEDADES.<\/strong><\/p>\n\n\n\n<p class=\"has-medium-font-size\"><strong>(European Centre for Disease Prevention and Control)<\/strong><\/p>\n\n\n\n<p class=\"has-medium-font-size\"><a href=\"https:\/\/www.ecdc.europa.eu\/en\/west-nile-virus-infection\" target=\"_blank\" rel=\"noreferrer noopener\"><em>https:\/\/www.ecdc.europa.eu\/en\/west-nile-virus-infection<\/em><\/a><\/p>\n\n\n\n<p class=\"has-black-color has-text-color has-medium-font-size\"><strong>2.-MINISTERIO DE SANIDAD CONSUMO Y BIENESTAR SOCIAL. Espa\u00f1a<\/strong><\/p>\n\n\n\n<p class=\"has-medium-font-size\"><a href=\"https:\/\/www.mscbs.gob.es\/profesionales\/saludPublica\/ccayes\/alertasActual\/docs\/20201203_ERR_Nilo_Occidental.pdf\" target=\"_blank\" rel=\"noreferrer noopener\"><em>https:\/\/www.mscbs.gob.es\/profesionales\/saludPublica\/ccayes\/alertasActual\/docs\/20201203_ERR_Nilo_Occidental.pdf<\/em><\/a><\/p>\n\n\n\n<p class=\"has-black-color has-text-color has-medium-font-size\"><strong>INSTITUTO DE SALUD CARLOS III.<\/strong><\/p>\n\n\n\n<p class=\"has-medium-font-size\"><a href=\"https:\/\/www.isciii.es\/QueHacemos\/Servicios\/VigilanciaSaludPublicaRENAVE\/EnfermedadesTransmisibles\/Documents\/PROTOCOLOS\/Protocolo%20de%20Vigilancia%20de%20Fiebre%20del%20Nilo%20Occidental.pdf\" target=\"_blank\" rel=\"noreferrer noopener\"><em>https:\/\/www.isciii.es\/QueHacemos\/Servicios\/VigilanciaSaludPublicaRENAVE\/EnfermedadesTransmisibles\/Documents\/PROTOCOLOS\/Protocolo%20de%20Vigilancia%20de%20Fiebre%20del%20Nilo%20Occidental.pdf<\/em><\/a><\/p>\n\n\n\n<p class=\"has-black-color has-text-color has-medium-font-size\"><strong>3.- MINISTERIO DE AGRICULTURA, PESCA Y ALIMENTACI\u00d3N<\/strong>.<\/p>\n\n\n\n<p class=\"has-medium-font-size\"><a href=\"https:\/\/www.mapa.gob.es\/es\/ganaderia\/temas\/sanidad-animal-higiene-ganadera\/sanidad-animal\/enfermedades\/fiebre-nilo-occidental\/F_O_Nilo.aspx\" target=\"_blank\" rel=\"noreferrer noopener\"><em>https:\/\/www.mapa.gob.es\/es\/ganaderia\/temas\/sanidad-animal-higiene-ganadera\/sanidad-animal\/enfermedades\/fiebre-nilo-occidental\/F_O_Nilo.aspx<\/em><\/a><\/p>\n\n\n\n<p class=\"has-medium-font-size\"><a href=\"https:\/\/www.mapa.gob.es\/es\/ganaderia\/temas\/sanidad-animal-higiene-ganadera\/programafiebredelnilooccidental2021_tcm30-437515.pdf\" target=\"_blank\" rel=\"noreferrer noopener\"><em>https:\/\/www.mapa.gob.es\/es\/ganaderia\/temas\/sanidad-animal-higiene-ganadera\/programafiebredelnilooccidental2021_tcm30-437515.pdf<\/em><\/a><\/p>\n\n\n\n<p class=\"has-black-color has-text-color has-medium-font-size\"><strong>4.- CONSEJERIA DE AGRICULTURA, GANADERIA PESCA Y DESARROLLO SOSTENIBLE. JUNTA DE ANDALUCIA.<\/strong><\/p>\n\n\n\n<p class=\"has-medium-font-size\"><a href=\"https:\/\/www.juntadeandalucia.es\/organismos\/agriculturaganaderiapescaydesarrollosostenible\/areas\/ganaderia\/sanidad-animal\/paginas\/fiebre-nilo-occidental.html\" target=\"_blank\" rel=\"noreferrer noopener\"><em>https:\/\/www.juntadeandalucia.es\/organismos\/agriculturaganaderiapescaydesarrollosostenible\/areas\/ganaderia\/sanidad-animal\/paginas\/fiebre-nilo-occidental.html<\/em><\/a><\/p>\n\n\n\n<p class=\"has-black-color has-text-color has-medium-font-size\"><strong>5-. CENTROS PARA EL CONTROL Y LA PREVENCI\u00d3N DE ENFERMEDADES. EEUU.<\/strong><\/p>\n\n\n\n<p class=\"has-medium-font-size\"><a href=\"https:\/\/www.cdc.gov\/westnile\/esp\/prevencion\/index_en_espanol.html\" target=\"_blank\" rel=\"noreferrer noopener\">https:\/\/www.cdc.gov\/westnile\/esp\/prevencion\/index_en_espanol.html<\/a><\/p>\n\n\n\n<p class=\"has-medium-font-size\"><a href=\"https:\/\/www.cdc.gov\/westnile\/index.html#:~:text=West%20Nile%20virus%20(WNV)%20is,summer%20and%20continues%20through%20fall.\" target=\"_blank\" rel=\"noreferrer noopener\"><em>https:\/\/www.cdc.gov\/westnile\/index.html#:~:text=West%20Nile%20virus%20(WNV)%20is,summer%20and%20continues%20through%20fall.<\/em><\/a><\/p>\n\n\n\n<p class=\"has-black-color has-text-color has-medium-font-size\"><strong>6.- ORGANIZACION MUNDIAL DE LA SALUD<\/strong><\/p>\n\n\n\n<p class=\"has-medium-font-size\"><a href=\"https:\/\/www.who.int\/es\/news-room\/fact-sheets\/detail\/west-nile-virus\"><em>https:\/\/www.who.int\/es\/news-room\/fact-sheets\/detail\/west-nile-virus<\/em><\/a><\/p>\n\n\n\n<p class=\"has-medium-font-size\"><strong>7.- JORNADAS TECNICAS VIRUS DEL NILO OCCIDENTAL.  Sevilla 10 Noviembre 2021.<\/strong><\/p>\n\n\n\n<figure class=\"wp-block-embed is-type-video is-provider-youtube wp-block-embed-youtube\"><div class=\"wp-block-embed__wrapper\">\n<iframe loading=\"lazy\" title=\"Jornada T\u00e9cnica Virus del Nilo\" width=\"1140\" height=\"641\" src=\"https:\/\/www.youtube.com\/embed\/il1gKqESaqw?feature=oembed\" frameborder=\"0\" allow=\"accelerometer; autoplay; clipboard-write; encrypted-media; gyroscope; picture-in-picture; web-share\" allowfullscreen><\/iframe>\n<\/div><\/figure>\n\n\n<div class=\"wp-block-image\">\n<figure class=\"aligncenter size-large is-resized\"><a href=\"http:\/\/ebd.csic.es\"><img loading=\"lazy\" decoding=\"async\" src=\"https:\/\/mosquitos.ebd.csic.es\/wp-content\/uploads\/2021\/05\/EBD-CSIC1.png\" alt=\"\" class=\"wp-image-145\" width=\"126\" height=\"99\" srcset=\"https:\/\/mosquitos.ebd.csic.es\/wp-content\/uploads\/2021\/05\/EBD-CSIC1.png 505w, https:\/\/mosquitos.ebd.csic.es\/wp-content\/uploads\/2021\/05\/EBD-CSIC1-300x235.png 300w, https:\/\/mosquitos.ebd.csic.es\/wp-content\/uploads\/2021\/05\/EBD-CSIC1-383x300.png 383w\" sizes=\"auto, (max-width: 126px) 100vw, 126px\" \/><\/a><\/figure>\n<\/div>","protected":false},"excerpt":{"rendered":"<p>El virus West Nile (WNV por su siglas en ingl\u00e9s) es un virus de ARN de la familia Flaviviridae, que se comporta ecol\u00f3gicamente como arbovirus, es decir es un virus transmitido por artr\u00f3podos hemat\u00f3fagos (fundamentalmente mosquitos pero tambi\u00e9n garrapatas) a hospedadores vertebrados. En su ciclo natural el virus es transmitido por mosquitos cul\u00edcidos a aves.<\/p>\n<div><a class=\"btn-filled btn\" href=\"https:\/\/mosquitos.ebd.csic.es\/?page_id=495\" title=\"EL VIRUS DEL NILO OCCIDENTAL O VIRUS WEST NILE (WNV).\">Leer m\u00e1s<\/a><\/div>\n","protected":false},"author":2,"featured_media":0,"parent":0,"menu_order":0,"comment_status":"closed","ping_status":"closed","template":"page-templates\/full-width.php","meta":{"footnotes":""},"class_list":["post-495","page","type-page","status-publish","hentry"],"yoast_head":"<!-- This site is optimized with the Yoast SEO plugin v25.2 - https:\/\/yoast.com\/wordpress\/plugins\/seo\/ -->\n<title>EL VIRUS DEL NILO OCCIDENTAL O VIRUS WEST NILE (WNV). - Observatorio de mosquitos del Guadalquivir<\/title>\n<meta name=\"robots\" content=\"index, follow, max-snippet:-1, max-image-preview:large, max-video-preview:-1\" \/>\n<link rel=\"canonical\" href=\"https:\/\/mosquitos.ebd.csic.es\/?page_id=495\" \/>\n<meta property=\"og:locale\" content=\"es_ES\" \/>\n<meta property=\"og:type\" content=\"article\" \/>\n<meta property=\"og:title\" content=\"EL VIRUS DEL NILO OCCIDENTAL O VIRUS WEST NILE (WNV). - Observatorio de mosquitos del Guadalquivir\" \/>\n<meta property=\"og:description\" content=\"El virus West Nile (WNV por su siglas en ingl\u00e9s) es un virus de ARN de la familia Flaviviridae, que se comporta ecol\u00f3gicamente como arbovirus, es decir es un virus transmitido por artr\u00f3podos hemat\u00f3fagos (fundamentalmente mosquitos pero tambi\u00e9n garrapatas) a hospedadores vertebrados. En su ciclo natural el virus es transmitido por mosquitos cul\u00edcidos a aves.Leer m\u00e1s\" \/>\n<meta property=\"og:url\" content=\"https:\/\/mosquitos.ebd.csic.es\/?page_id=495\" \/>\n<meta property=\"og:site_name\" content=\"Observatorio de mosquitos del Guadalquivir\" \/>\n<meta property=\"article:modified_time\" content=\"2023-03-27T23:46:47+00:00\" \/>\n<meta property=\"og:image\" content=\"https:\/\/mosquitos.ebd.csic.es\/wp-content\/uploads\/2021\/05\/Virus-del-Nilo-de-Science.jpg\" \/>\n<meta name=\"twitter:card\" content=\"summary_large_image\" \/>\n<meta name=\"twitter:label1\" content=\"Tiempo de lectura\" \/>\n\t<meta name=\"twitter:data1\" content=\"3 minutos\" \/>\n<script type=\"application\/ld+json\" class=\"yoast-schema-graph\">{\"@context\":\"https:\/\/schema.org\",\"@graph\":[{\"@type\":\"WebPage\",\"@id\":\"https:\/\/mosquitos.ebd.csic.es\/?page_id=495\",\"url\":\"https:\/\/mosquitos.ebd.csic.es\/?page_id=495\",\"name\":\"EL VIRUS DEL NILO OCCIDENTAL O VIRUS WEST NILE (WNV). - Observatorio de mosquitos del Guadalquivir\",\"isPartOf\":{\"@id\":\"https:\/\/mosquitos.ebd.csic.es\/#website\"},\"primaryImageOfPage\":{\"@id\":\"https:\/\/mosquitos.ebd.csic.es\/?page_id=495#primaryimage\"},\"image\":{\"@id\":\"https:\/\/mosquitos.ebd.csic.es\/?page_id=495#primaryimage\"},\"thumbnailUrl\":\"https:\/\/mosquitos.ebd.csic.es\/wp-content\/uploads\/2021\/05\/Virus-del-Nilo-de-Science.jpg\",\"datePublished\":\"2021-05-24T17:16:38+00:00\",\"dateModified\":\"2023-03-27T23:46:47+00:00\",\"breadcrumb\":{\"@id\":\"https:\/\/mosquitos.ebd.csic.es\/?page_id=495#breadcrumb\"},\"inLanguage\":\"es\",\"potentialAction\":[{\"@type\":\"ReadAction\",\"target\":[\"https:\/\/mosquitos.ebd.csic.es\/?page_id=495\"]}]},{\"@type\":\"ImageObject\",\"inLanguage\":\"es\",\"@id\":\"https:\/\/mosquitos.ebd.csic.es\/?page_id=495#primaryimage\",\"url\":\"https:\/\/mosquitos.ebd.csic.es\/wp-content\/uploads\/2021\/05\/Virus-del-Nilo-de-Science.jpg\",\"contentUrl\":\"https:\/\/mosquitos.ebd.csic.es\/wp-content\/uploads\/2021\/05\/Virus-del-Nilo-de-Science.jpg\",\"width\":1006,\"height\":1002},{\"@type\":\"BreadcrumbList\",\"@id\":\"https:\/\/mosquitos.ebd.csic.es\/?page_id=495#breadcrumb\",\"itemListElement\":[{\"@type\":\"ListItem\",\"position\":1,\"name\":\"Portada\",\"item\":\"https:\/\/mosquitos.ebd.csic.es\/\"},{\"@type\":\"ListItem\",\"position\":2,\"name\":\"EL VIRUS DEL NILO OCCIDENTAL O VIRUS WEST NILE (WNV).\"}]},{\"@type\":\"WebSite\",\"@id\":\"https:\/\/mosquitos.ebd.csic.es\/#website\",\"url\":\"https:\/\/mosquitos.ebd.csic.es\/\",\"name\":\"Observatorio de mosquitos del Guadalquivir\",\"description\":\"\",\"potentialAction\":[{\"@type\":\"SearchAction\",\"target\":{\"@type\":\"EntryPoint\",\"urlTemplate\":\"https:\/\/mosquitos.ebd.csic.es\/?s={search_term_string}\"},\"query-input\":{\"@type\":\"PropertyValueSpecification\",\"valueRequired\":true,\"valueName\":\"search_term_string\"}}],\"inLanguage\":\"es\"}]}<\/script>\n<!-- \/ Yoast SEO plugin. -->","yoast_head_json":{"title":"EL VIRUS DEL NILO OCCIDENTAL O VIRUS WEST NILE (WNV). - Observatorio de mosquitos del Guadalquivir","robots":{"index":"index","follow":"follow","max-snippet":"max-snippet:-1","max-image-preview":"max-image-preview:large","max-video-preview":"max-video-preview:-1"},"canonical":"https:\/\/mosquitos.ebd.csic.es\/?page_id=495","og_locale":"es_ES","og_type":"article","og_title":"EL VIRUS DEL NILO OCCIDENTAL O VIRUS WEST NILE (WNV). - Observatorio de mosquitos del Guadalquivir","og_description":"El virus West Nile (WNV por su siglas en ingl\u00e9s) es un virus de ARN de la familia Flaviviridae, que se comporta ecol\u00f3gicamente como arbovirus, es decir es un virus transmitido por artr\u00f3podos hemat\u00f3fagos (fundamentalmente mosquitos pero tambi\u00e9n garrapatas) a hospedadores vertebrados. En su ciclo natural el virus es transmitido por mosquitos cul\u00edcidos a aves.Leer m\u00e1s","og_url":"https:\/\/mosquitos.ebd.csic.es\/?page_id=495","og_site_name":"Observatorio de mosquitos del Guadalquivir","article_modified_time":"2023-03-27T23:46:47+00:00","og_image":[{"url":"https:\/\/mosquitos.ebd.csic.es\/wp-content\/uploads\/2021\/05\/Virus-del-Nilo-de-Science.jpg","type":"","width":"","height":""}],"twitter_card":"summary_large_image","twitter_misc":{"Tiempo de lectura":"3 minutos"},"schema":{"@context":"https:\/\/schema.org","@graph":[{"@type":"WebPage","@id":"https:\/\/mosquitos.ebd.csic.es\/?page_id=495","url":"https:\/\/mosquitos.ebd.csic.es\/?page_id=495","name":"EL VIRUS DEL NILO OCCIDENTAL O VIRUS WEST NILE (WNV). - Observatorio de mosquitos del Guadalquivir","isPartOf":{"@id":"https:\/\/mosquitos.ebd.csic.es\/#website"},"primaryImageOfPage":{"@id":"https:\/\/mosquitos.ebd.csic.es\/?page_id=495#primaryimage"},"image":{"@id":"https:\/\/mosquitos.ebd.csic.es\/?page_id=495#primaryimage"},"thumbnailUrl":"https:\/\/mosquitos.ebd.csic.es\/wp-content\/uploads\/2021\/05\/Virus-del-Nilo-de-Science.jpg","datePublished":"2021-05-24T17:16:38+00:00","dateModified":"2023-03-27T23:46:47+00:00","breadcrumb":{"@id":"https:\/\/mosquitos.ebd.csic.es\/?page_id=495#breadcrumb"},"inLanguage":"es","potentialAction":[{"@type":"ReadAction","target":["https:\/\/mosquitos.ebd.csic.es\/?page_id=495"]}]},{"@type":"ImageObject","inLanguage":"es","@id":"https:\/\/mosquitos.ebd.csic.es\/?page_id=495#primaryimage","url":"https:\/\/mosquitos.ebd.csic.es\/wp-content\/uploads\/2021\/05\/Virus-del-Nilo-de-Science.jpg","contentUrl":"https:\/\/mosquitos.ebd.csic.es\/wp-content\/uploads\/2021\/05\/Virus-del-Nilo-de-Science.jpg","width":1006,"height":1002},{"@type":"BreadcrumbList","@id":"https:\/\/mosquitos.ebd.csic.es\/?page_id=495#breadcrumb","itemListElement":[{"@type":"ListItem","position":1,"name":"Portada","item":"https:\/\/mosquitos.ebd.csic.es\/"},{"@type":"ListItem","position":2,"name":"EL VIRUS DEL NILO OCCIDENTAL O VIRUS WEST NILE (WNV)."}]},{"@type":"WebSite","@id":"https:\/\/mosquitos.ebd.csic.es\/#website","url":"https:\/\/mosquitos.ebd.csic.es\/","name":"Observatorio de mosquitos del Guadalquivir","description":"","potentialAction":[{"@type":"SearchAction","target":{"@type":"EntryPoint","urlTemplate":"https:\/\/mosquitos.ebd.csic.es\/?s={search_term_string}"},"query-input":{"@type":"PropertyValueSpecification","valueRequired":true,"valueName":"search_term_string"}}],"inLanguage":"es"}]}},"guten_post_layout_featured_media_urls":{"full":false,"thumbnail":false,"medium":false,"medium_large":false,"large":false,"1536x1536":false,"2048x2048":false,"guten_post_layout_landscape_large":false,"guten_post_layout_portrait_large":false,"guten_post_layout_square_large":false,"guten_post_layout_landscape":false,"guten_post_layout_portrait":false,"guten_post_layout_square":false,"shapely-full":false,"shapely-featured":false,"shapely-grid":false},"_links":{"self":[{"href":"https:\/\/mosquitos.ebd.csic.es\/index.php?rest_route=\/wp\/v2\/pages\/495","targetHints":{"allow":["GET"]}}],"collection":[{"href":"https:\/\/mosquitos.ebd.csic.es\/index.php?rest_route=\/wp\/v2\/pages"}],"about":[{"href":"https:\/\/mosquitos.ebd.csic.es\/index.php?rest_route=\/wp\/v2\/types\/page"}],"author":[{"embeddable":true,"href":"https:\/\/mosquitos.ebd.csic.es\/index.php?rest_route=\/wp\/v2\/users\/2"}],"replies":[{"embeddable":true,"href":"https:\/\/mosquitos.ebd.csic.es\/index.php?rest_route=%2Fwp%2Fv2%2Fcomments&post=495"}],"version-history":[{"count":0,"href":"https:\/\/mosquitos.ebd.csic.es\/index.php?rest_route=\/wp\/v2\/pages\/495\/revisions"}],"wp:attachment":[{"href":"https:\/\/mosquitos.ebd.csic.es\/index.php?rest_route=%2Fwp%2Fv2%2Fmedia&parent=495"}],"curies":[{"name":"wp","href":"https:\/\/api.w.org\/{rel}","templated":true}]}}