{"id":2,"date":"2021-05-06T10:25:37","date_gmt":"2021-05-06T08:25:37","guid":{"rendered":"http:\/\/10.70.0.45\/?page_id=2"},"modified":"2023-03-27T11:25:03","modified_gmt":"2023-03-27T09:25:03","slug":"pagina-ejemplo","status":"publish","type":"page","link":"https:\/\/mosquitos.ebd.csic.es\/?page_id=2","title":{"rendered":"Gr\u00e1ficas de capturas"},"content":{"rendered":"\n<h2 class=\"has-text-align-center wp-block-heading\" style=\"font-size:16px\"><\/h2>\n\n\n\n<p><\/p>\n\n\n\n<p style=\"font-size:28px\">1.- <a href=\"https:\/\/mosquitos.ebd.csic.es\/?page_id=1119\">Gr\u00e1ficas de capturas en La Puebla del Rio<\/a><\/p>\n\n\n\n<p style=\"font-size:28px\">2.- <a href=\"https:\/\/mosquitos.ebd.csic.es\/?page_id=1131\">Gr\u00e1ficas de capturas en Palomares y finca del HAMPA en Coria (CSIC)<\/a><\/p>\n\n\n\n<p style=\"font-size:28px\">3.- <a href=\"https:\/\/mosquitos.ebd.csic.es\/?page_id=1138\">Gr\u00e1ficas de capturas en La Ca\u00f1ada de los P\u00e1jaros y Dehesa de Abajo<\/a><\/p>\n\n\n<p>\n<div class=\"leaflet-map WPLeafletMap\" style=\"height:600px; width:100%;\"><\/div><script>\nwindow.WPLeafletMapPlugin = window.WPLeafletMapPlugin || [];\nwindow.WPLeafletMapPlugin.push(function WPLeafletMapShortcode() {\/*<script>*\/\nvar baseUrl = atob('aHR0cHM6Ly97c30udGlsZS5vcGVuc3RyZWV0bWFwLm9yZy97en0ve3h9L3t5fS5wbmc=');\nvar base = (!baseUrl && window.MQ) ?\n    window.MQ.mapLayer() : L.tileLayer(baseUrl,\n        L.Util.extend({}, {\n            detectRetina: 1,\n        },\n        {\"subdomains\":\"abc\",\"noWrap\":false,\"maxZoom\":19}        )\n    );\n    var options = L.Util.extend({}, {\n        layers: [base],\n        attributionControl: false\n    },\n    {\"zoomControl\":true,\"scrollWheelZoom\":true,\"doubleClickZoom\":false,\"fitBounds\":true,\"minZoom\":0,\"maxZoom\":19,\"maxBounds\":null,\"attribution\":\"<a href=\\\"http:\\\/\\\/leafletjs.com\\\" title=\\\"Una biblioteca JS para mapas interactivos\\\">Leaflet<\\\/a>; \\u00a9 <a href=\\\"http:\\\/\\\/www.openstreetmap.org\\\/copyright\\\">OpenStreetMap<\\\/a> colaboradores\"},\n    {});\nwindow.WPLeafletMapPlugin.createMap(options).setView([37.286880881682,-6.0934638977051],12);});<\/script><br \/>\n<script>\nwindow.WPLeafletMapPlugin = window.WPLeafletMapPlugin || [];\nwindow.WPLeafletMapPlugin.push(function WPLeafletMarkerShortcode() {\/*<script>*\/\nvar map = window.WPLeafletMapPlugin.getCurrentMap();\nvar group = window.WPLeafletMapPlugin.getCurrentGroup();\nvar marker_options = window.WPLeafletMapPlugin.getIconOptions({});\nvar marker = L.marker(\n    [37.267222541756,-6.0629081726074],\n    marker_options\n);\nvar is_image = map.is_image_map;\nif (marker_options.draggable) {\n    marker.on('dragend', function () {\n        var latlng = this.getLatLng();\n        var lat = latlng.lat;\n        var lng = latlng.lng;\n        if (is_image) {\n            console.log('leaflet-marker y=' + lat + ' x=' + lng);\n        } else {\n            console.log('leaflet-marker lat=' + lat + ' lng=' + lng);\n        }\n    });\n}\nmarker.addTo( group );\nmarker.bindPopup(window.WPLeafletMapPlugin.unescape('&lt;a href=\\&quot;https:\/\/mosquitos.ebd.csic.es\/?page_id=1119\\&quot; target=\\&quot;_blank\\&quot; rel=\\&quot;noopener\\&quot;&gt;LA PUEBLA DEL RIO&lt;\/a&gt;&amp;nbsp;'));window.WPLeafletMapPlugin.markers.push( marker );\n        });<\/script><br \/>\n<script>\nwindow.WPLeafletMapPlugin = window.WPLeafletMapPlugin || [];\nwindow.WPLeafletMapPlugin.push(function WPLeafletMarkerShortcode() {\/*<script>*\/\nvar map = window.WPLeafletMapPlugin.getCurrentMap();\nvar group = window.WPLeafletMapPlugin.getCurrentGroup();\nvar marker_options = window.WPLeafletMapPlugin.getIconOptions({});\nvar marker = L.marker(\n    [37.281582462521,-6.0576080935037],\n    marker_options\n);\nvar is_image = map.is_image_map;\nif (marker_options.draggable) {\n    marker.on('dragend', function () {\n        var latlng = this.getLatLng();\n        var lat = latlng.lat;\n        var lng = latlng.lng;\n        if (is_image) {\n            console.log('leaflet-marker y=' + lat + ' x=' + lng);\n        } else {\n            console.log('leaflet-marker lat=' + lat + ' lng=' + lng);\n        }\n    });\n}\nmarker.addTo( group );\nmarker.bindPopup(window.WPLeafletMapPlugin.unescape('&lt;a href=\\&quot;https:\/\/mosquitos.ebd.csic.es\/?page_id=1131\\&quot; target=\\&quot;_blank\\&quot; rel=\\&quot;noopener\\&quot;&gt;CORIA DEL RIO (LA HAMPA)&lt;\/a&gt;&amp;nbsp;'));window.WPLeafletMapPlugin.markers.push( marker );\n        });<\/script><br \/>\n<script>\nwindow.WPLeafletMapPlugin = window.WPLeafletMapPlugin || [];\nwindow.WPLeafletMapPlugin.push(function WPLeafletMarkerShortcode() {\/*<script>*\/\nvar map = window.WPLeafletMapPlugin.getCurrentMap();\nvar group = window.WPLeafletMapPlugin.getCurrentGroup();\nvar marker_options = window.WPLeafletMapPlugin.getIconOptions({});\nvar marker = L.marker(\n    [37.315840549623,-6.0735511779785],\n    marker_options\n);\nvar is_image = map.is_image_map;\nif (marker_options.draggable) {\n    marker.on('dragend', function () {\n        var latlng = this.getLatLng();\n        var lat = latlng.lat;\n        var lng = latlng.lng;\n        if (is_image) {\n            console.log('leaflet-marker y=' + lat + ' x=' + lng);\n        } else {\n            console.log('leaflet-marker lat=' + lat + ' lng=' + lng);\n        }\n    });\n}\nmarker.addTo( group );\nmarker.bindPopup(window.WPLeafletMapPlugin.unescape(' &lt;a href=\\&quot;https:\/\/mosquitos.ebd.csic.es\/?page_id=1131\\&quot; target=\\&quot;_blank\\&quot; rel=\\&quot;noopener\\&quot;&gt; PALOMARES &lt;\/a&gt;&amp;nbsp;'));window.WPLeafletMapPlugin.markers.push( marker );\n        });<\/script><br \/>\n<script>\nwindow.WPLeafletMapPlugin = window.WPLeafletMapPlugin || [];\nwindow.WPLeafletMapPlugin.push(function WPLeafletMarkerShortcode() {\/*<script>*\/\nvar map = window.WPLeafletMapPlugin.getCurrentMap();\nvar group = window.WPLeafletMapPlugin.getCurrentGroup();\nvar marker_options = window.WPLeafletMapPlugin.getIconOptions({});\nvar marker = L.marker(\n    [37.238391985879,-6.1302852630615],\n    marker_options\n);\nvar is_image = map.is_image_map;\nif (marker_options.draggable) {\n    marker.on('dragend', function () {\n        var latlng = this.getLatLng();\n        var lat = latlng.lat;\n        var lng = latlng.lng;\n        if (is_image) {\n            console.log('leaflet-marker y=' + lat + ' x=' + lng);\n        } else {\n            console.log('leaflet-marker lat=' + lat + ' lng=' + lng);\n        }\n    });\n}\nmarker.addTo( group );\nmarker.bindPopup(window.WPLeafletMapPlugin.unescape('&lt;a href=\\&quot;https:\/\/mosquitos.ebd.csic.es\/?page_id=1138\\&quot; target=\\&quot;_blank\\&quot; rel=\\&quot;noopener\\&quot;&gt;CA\u00d1ADA DE LOS P\u00c1JAROS&lt;\/a&gt;&amp;nbsp;'));window.WPLeafletMapPlugin.markers.push( marker );\n        });<\/script><br \/>\n<script>\nwindow.WPLeafletMapPlugin = window.WPLeafletMapPlugin || [];\nwindow.WPLeafletMapPlugin.push(function WPLeafletMarkerShortcode() {\/*<script>*\/\nvar map = window.WPLeafletMapPlugin.getCurrentMap();\nvar group = window.WPLeafletMapPlugin.getCurrentGroup();\nvar marker_options = window.WPLeafletMapPlugin.getIconOptions({});\nvar marker = L.marker(\n    [37.2100289038,-6.1814403533936],\n    marker_options\n);\nvar is_image = map.is_image_map;\nif (marker_options.draggable) {\n    marker.on('dragend', function () {\n        var latlng = this.getLatLng();\n        var lat = latlng.lat;\n        var lng = latlng.lng;\n        if (is_image) {\n            console.log('leaflet-marker y=' + lat + ' x=' + lng);\n        } else {\n            console.log('leaflet-marker lat=' + lat + ' lng=' + lng);\n        }\n    });\n}\nmarker.addTo( group );\nmarker.bindPopup(window.WPLeafletMapPlugin.unescape('&lt;a href=\\&quot;https:\/\/mosquitos.ebd.csic.es\/?page_id=1138\\&quot; target=\\&quot;_blank\\&quot; rel=\\&quot;noopener\\&quot;&gt;DEHESA DE ABAJO&lt;\/a&gt;&amp;nbsp;'));window.WPLeafletMapPlugin.markers.push( marker );\n        });<\/script><\/p>\n\n\n\n<p class=\"has-text-align-center has-medium-font-size\" style=\"font-style:normal;font-weight:500\"><strong>GRACIAS POR SU VISITA<\/strong><\/p>\n\n\n\n<p><\/p>\n\n\n<div class=\"wp-block-image is-style-default\">\n<figure class=\"aligncenter size-large is-resized\"><a href=\"http:\/\/ebd.csic.es\"><img loading=\"lazy\" decoding=\"async\" src=\"https:\/\/mosquitos.ebd.csic.es\/wp-content\/uploads\/2021\/05\/EBD-CSIC.ico\" alt=\"\" class=\"wp-image-35\" width=\"109\" height=\"85\"\/><\/a><\/figure>\n<\/div>","protected":false},"excerpt":{"rendered":"<p>1.- Gr\u00e1ficas de capturas en La Puebla del Rio 2.- Gr\u00e1ficas de capturas en Palomares y finca del HAMPA en Coria (CSIC) 3.- Gr\u00e1ficas de capturas en La Ca\u00f1ada de los P\u00e1jaros y Dehesa de Abajo GRACIAS POR SU VISITA<\/p>\n","protected":false},"author":2,"featured_media":0,"parent":0,"menu_order":0,"comment_status":"closed","ping_status":"closed","template":"page-templates\/full-width.php","meta":{"footnotes":""},"class_list":["post-2","page","type-page","status-publish","hentry"],"yoast_head":"<!-- This site is optimized with the Yoast SEO plugin v25.2 - https:\/\/yoast.com\/wordpress\/plugins\/seo\/ -->\n<title>Gr\u00e1ficas de capturas - Observatorio de mosquitos del Guadalquivir<\/title>\n<meta name=\"robots\" content=\"index, follow, max-snippet:-1, max-image-preview:large, max-video-preview:-1\" \/>\n<link rel=\"canonical\" href=\"https:\/\/mosquitos.ebd.csic.es\/?page_id=2\" \/>\n<meta property=\"og:locale\" content=\"es_ES\" \/>\n<meta property=\"og:type\" content=\"article\" \/>\n<meta property=\"og:title\" content=\"Gr\u00e1ficas de capturas - Observatorio de mosquitos del Guadalquivir\" \/>\n<meta property=\"og:description\" content=\"1.- Gr\u00e1ficas de capturas en La Puebla del Rio 2.- Gr\u00e1ficas de capturas en Palomares y finca del HAMPA en Coria (CSIC) 3.- Gr\u00e1ficas de capturas en La Ca\u00f1ada de los P\u00e1jaros y Dehesa de Abajo GRACIAS POR SU VISITA\" \/>\n<meta property=\"og:url\" content=\"https:\/\/mosquitos.ebd.csic.es\/?page_id=2\" \/>\n<meta property=\"og:site_name\" content=\"Observatorio de mosquitos del Guadalquivir\" \/>\n<meta property=\"article:modified_time\" content=\"2023-03-27T09:25:03+00:00\" \/>\n<meta property=\"og:image\" content=\"https:\/\/mosquitos.ebd.csic.es\/wp-content\/uploads\/2021\/05\/EBD-CSIC.ico\" \/>\n<meta name=\"twitter:card\" content=\"summary_large_image\" \/>\n<meta name=\"twitter:label1\" content=\"Tiempo de lectura\" \/>\n\t<meta name=\"twitter:data1\" content=\"1 minuto\" \/>\n<script type=\"application\/ld+json\" class=\"yoast-schema-graph\">{\"@context\":\"https:\/\/schema.org\",\"@graph\":[{\"@type\":\"WebPage\",\"@id\":\"https:\/\/mosquitos.ebd.csic.es\/?page_id=2\",\"url\":\"https:\/\/mosquitos.ebd.csic.es\/?page_id=2\",\"name\":\"Gr\u00e1ficas de capturas - Observatorio de mosquitos del Guadalquivir\",\"isPartOf\":{\"@id\":\"https:\/\/mosquitos.ebd.csic.es\/#website\"},\"primaryImageOfPage\":{\"@id\":\"https:\/\/mosquitos.ebd.csic.es\/?page_id=2#primaryimage\"},\"image\":{\"@id\":\"https:\/\/mosquitos.ebd.csic.es\/?page_id=2#primaryimage\"},\"thumbnailUrl\":\"https:\/\/mosquitos.ebd.csic.es\/wp-content\/uploads\/2021\/05\/EBD-CSIC.ico\",\"datePublished\":\"2021-05-06T08:25:37+00:00\",\"dateModified\":\"2023-03-27T09:25:03+00:00\",\"breadcrumb\":{\"@id\":\"https:\/\/mosquitos.ebd.csic.es\/?page_id=2#breadcrumb\"},\"inLanguage\":\"es\",\"potentialAction\":[{\"@type\":\"ReadAction\",\"target\":[\"https:\/\/mosquitos.ebd.csic.es\/?page_id=2\"]}]},{\"@type\":\"ImageObject\",\"inLanguage\":\"es\",\"@id\":\"https:\/\/mosquitos.ebd.csic.es\/?page_id=2#primaryimage\",\"url\":\"https:\/\/mosquitos.ebd.csic.es\/wp-content\/uploads\/2021\/05\/EBD-CSIC.ico\",\"contentUrl\":\"https:\/\/mosquitos.ebd.csic.es\/wp-content\/uploads\/2021\/05\/EBD-CSIC.ico\"},{\"@type\":\"BreadcrumbList\",\"@id\":\"https:\/\/mosquitos.ebd.csic.es\/?page_id=2#breadcrumb\",\"itemListElement\":[{\"@type\":\"ListItem\",\"position\":1,\"name\":\"Portada\",\"item\":\"https:\/\/mosquitos.ebd.csic.es\/\"},{\"@type\":\"ListItem\",\"position\":2,\"name\":\"Gr\u00e1ficas de capturas\"}]},{\"@type\":\"WebSite\",\"@id\":\"https:\/\/mosquitos.ebd.csic.es\/#website\",\"url\":\"https:\/\/mosquitos.ebd.csic.es\/\",\"name\":\"Observatorio de mosquitos del Guadalquivir\",\"description\":\"\",\"potentialAction\":[{\"@type\":\"SearchAction\",\"target\":{\"@type\":\"EntryPoint\",\"urlTemplate\":\"https:\/\/mosquitos.ebd.csic.es\/?s={search_term_string}\"},\"query-input\":{\"@type\":\"PropertyValueSpecification\",\"valueRequired\":true,\"valueName\":\"search_term_string\"}}],\"inLanguage\":\"es\"}]}<\/script>\n<!-- \/ Yoast SEO plugin. -->","yoast_head_json":{"title":"Gr\u00e1ficas de capturas - Observatorio de mosquitos del Guadalquivir","robots":{"index":"index","follow":"follow","max-snippet":"max-snippet:-1","max-image-preview":"max-image-preview:large","max-video-preview":"max-video-preview:-1"},"canonical":"https:\/\/mosquitos.ebd.csic.es\/?page_id=2","og_locale":"es_ES","og_type":"article","og_title":"Gr\u00e1ficas de capturas - Observatorio de mosquitos del Guadalquivir","og_description":"1.- Gr\u00e1ficas de capturas en La Puebla del Rio 2.- Gr\u00e1ficas de capturas en Palomares y finca del HAMPA en Coria (CSIC) 3.- Gr\u00e1ficas de capturas en La Ca\u00f1ada de los P\u00e1jaros y Dehesa de Abajo GRACIAS POR SU VISITA","og_url":"https:\/\/mosquitos.ebd.csic.es\/?page_id=2","og_site_name":"Observatorio de mosquitos del Guadalquivir","article_modified_time":"2023-03-27T09:25:03+00:00","og_image":[{"url":"https:\/\/mosquitos.ebd.csic.es\/wp-content\/uploads\/2021\/05\/EBD-CSIC.ico","type":"","width":"","height":""}],"twitter_card":"summary_large_image","twitter_misc":{"Tiempo de lectura":"1 minuto"},"schema":{"@context":"https:\/\/schema.org","@graph":[{"@type":"WebPage","@id":"https:\/\/mosquitos.ebd.csic.es\/?page_id=2","url":"https:\/\/mosquitos.ebd.csic.es\/?page_id=2","name":"Gr\u00e1ficas de capturas - Observatorio de mosquitos del Guadalquivir","isPartOf":{"@id":"https:\/\/mosquitos.ebd.csic.es\/#website"},"primaryImageOfPage":{"@id":"https:\/\/mosquitos.ebd.csic.es\/?page_id=2#primaryimage"},"image":{"@id":"https:\/\/mosquitos.ebd.csic.es\/?page_id=2#primaryimage"},"thumbnailUrl":"https:\/\/mosquitos.ebd.csic.es\/wp-content\/uploads\/2021\/05\/EBD-CSIC.ico","datePublished":"2021-05-06T08:25:37+00:00","dateModified":"2023-03-27T09:25:03+00:00","breadcrumb":{"@id":"https:\/\/mosquitos.ebd.csic.es\/?page_id=2#breadcrumb"},"inLanguage":"es","potentialAction":[{"@type":"ReadAction","target":["https:\/\/mosquitos.ebd.csic.es\/?page_id=2"]}]},{"@type":"ImageObject","inLanguage":"es","@id":"https:\/\/mosquitos.ebd.csic.es\/?page_id=2#primaryimage","url":"https:\/\/mosquitos.ebd.csic.es\/wp-content\/uploads\/2021\/05\/EBD-CSIC.ico","contentUrl":"https:\/\/mosquitos.ebd.csic.es\/wp-content\/uploads\/2021\/05\/EBD-CSIC.ico"},{"@type":"BreadcrumbList","@id":"https:\/\/mosquitos.ebd.csic.es\/?page_id=2#breadcrumb","itemListElement":[{"@type":"ListItem","position":1,"name":"Portada","item":"https:\/\/mosquitos.ebd.csic.es\/"},{"@type":"ListItem","position":2,"name":"Gr\u00e1ficas de capturas"}]},{"@type":"WebSite","@id":"https:\/\/mosquitos.ebd.csic.es\/#website","url":"https:\/\/mosquitos.ebd.csic.es\/","name":"Observatorio de mosquitos del Guadalquivir","description":"","potentialAction":[{"@type":"SearchAction","target":{"@type":"EntryPoint","urlTemplate":"https:\/\/mosquitos.ebd.csic.es\/?s={search_term_string}"},"query-input":{"@type":"PropertyValueSpecification","valueRequired":true,"valueName":"search_term_string"}}],"inLanguage":"es"}]}},"guten_post_layout_featured_media_urls":{"full":false,"thumbnail":false,"medium":false,"medium_large":false,"large":false,"1536x1536":false,"2048x2048":false,"guten_post_layout_landscape_large":false,"guten_post_layout_portrait_large":false,"guten_post_layout_square_large":false,"guten_post_layout_landscape":false,"guten_post_layout_portrait":false,"guten_post_layout_square":false,"shapely-full":false,"shapely-featured":false,"shapely-grid":false},"_links":{"self":[{"href":"https:\/\/mosquitos.ebd.csic.es\/index.php?rest_route=\/wp\/v2\/pages\/2","targetHints":{"allow":["GET"]}}],"collection":[{"href":"https:\/\/mosquitos.ebd.csic.es\/index.php?rest_route=\/wp\/v2\/pages"}],"about":[{"href":"https:\/\/mosquitos.ebd.csic.es\/index.php?rest_route=\/wp\/v2\/types\/page"}],"author":[{"embeddable":true,"href":"https:\/\/mosquitos.ebd.csic.es\/index.php?rest_route=\/wp\/v2\/users\/2"}],"replies":[{"embeddable":true,"href":"https:\/\/mosquitos.ebd.csic.es\/index.php?rest_route=%2Fwp%2Fv2%2Fcomments&post=2"}],"version-history":[{"count":0,"href":"https:\/\/mosquitos.ebd.csic.es\/index.php?rest_route=\/wp\/v2\/pages\/2\/revisions"}],"wp:attachment":[{"href":"https:\/\/mosquitos.ebd.csic.es\/index.php?rest_route=%2Fwp%2Fv2%2Fmedia&parent=2"}],"curies":[{"name":"wp","href":"https:\/\/api.w.org\/{rel}","templated":true}]}}