{"id":1138,"date":"2023-03-27T10:34:13","date_gmt":"2023-03-27T08:34:13","guid":{"rendered":"https:\/\/mosquitos.ebd.csic.es\/?page_id=1138"},"modified":"2026-03-23T03:04:22","modified_gmt":"2026-03-23T02:04:22","slug":"capturas-en-la-canada-de-los-pajaros-y-dehesa-de-abajo-2023","status":"publish","type":"page","link":"https:\/\/mosquitos.ebd.csic.es\/?page_id=1138","title":{"rendered":"Capturas en La Ca\u00f1ada de los P\u00e1jaros y Dehesa de Abajo 2026"},"content":{"rendered":"\n<p><\/p>\n\n\n\n<p class=\"has-text-color has-medium-font-size\" style=\"color:#5f6263\">Las gr\u00e1ficas muestran el n\u00famero de mosquitos capturados en las trampas de mosquitos durante 24 horas. Los datos se han agrupado en dos categor\u00edas: en rojo las principales especies transmisoras del virus West Nile en Andaluc\u00eda (<em>Culex perexiguus, Culex pipiens y Culex modestus<\/em>) y en verde el resto de especies.<\/p>\n\n\n\n<p class=\"has-text-color has-medium-font-size\" style=\"color:#5f6263\">El n\u00famero de capturas que se muestra en las gr\u00e1ficas corresponde al conjunto de tres trampas.<\/p>\n\n\n\n<p class=\"has-text-color has-medium-font-size\" style=\"color:#5f6263\">A medida que progresa la primavera y aumenta el calor es normal que las poblaciones de mosquitos aumenten. El llenado de las tablas de arroz se asocia tambi\u00e9n a un incremento en las poblaciones de algunas especies. Para que sirvan de comparaci\u00f3n se muestra la abundancia de mosquitos en las mismas localidades durante el brote de fiebre del Nilo en 2020. Abundancias menores de las especies de mosquito transmisoras del virus West Nile se asocian a un menor riesgo de transmisi\u00f3n del virus.<\/p>\n\n\n\n<p class=\"has-vivid-cyan-blue-color has-text-color has-medium-font-size\"><em>En las gr\u00e1ficas siguientes, primero mostramos las capturas recientes (2026) y a continuaci\u00f3n las de a\u00f1os anteriores.<\/em><\/p>\n\n\n\n<h2 class=\"wp-block-heading\" style=\"font-size:25px\"><strong>Capturas de mosquitos en las localidades rurales de LA CA\u00d1ADA DE LOS P\u00c1JAROS y DEHESA DE ABAJO, en funci\u00f3n de su capacidad transmisora del Virus del Nilo Ocidental 2026.<\/strong><\/h2>\n\n\n\n<p><\/p>\n\n\n\n<p><\/p>\n\n\n<div  class=\"ec-uv-chart-container uv-div-1370\" data-object=\"ec_object_1370\"><\/div>\n\n\n\n<p><\/p>\n\n\n<div  class=\"ec-uv-chart-container uv-div-1371\" data-object=\"ec_object_1371\"><\/div>\n\n\n\n<div style=\"height:100px\" aria-hidden=\"true\" class=\"wp-block-spacer\"><\/div>\n\n\n\n<h2 class=\"wp-block-heading\"><\/h2>\n\n\n\n<div style=\"height:100px\" aria-hidden=\"true\" class=\"wp-block-spacer\"><\/div>\n\n\n\n<hr class=\"wp-block-separator has-css-opacity\"\/>\n\n\n\n<hr class=\"wp-block-separator has-css-opacity aligncenter\"\/>\n\n\n\n<p><\/p>\n\n\n\n<p><\/p>\n\n\n\n<h2 class=\"wp-block-heading alignwide has-text-align-center has-medium-font-size\"><strong>EVOLUCI\u00d3N SEMANAL DE LAS CAPTURAS DE MOSQUITOS EN LA CA\u00d1ADA DE LOS PAJ\u00c1ROS Y EN LA DEHESA DE ABAJO (Sevilla). 2024-2025.<\/strong><\/h2>\n\n\n\n<figure class=\"wp-block-image alignfull size-full\"><img loading=\"lazy\" decoding=\"async\" width=\"1280\" height=\"644\" src=\"https:\/\/mosquitos.ebd.csic.es\/wp-content\/uploads\/2026\/03\/GGPLOT_RURAL_2025.jpeg\" alt=\"\" class=\"wp-image-1387\" srcset=\"https:\/\/mosquitos.ebd.csic.es\/wp-content\/uploads\/2026\/03\/GGPLOT_RURAL_2025.jpeg 1280w, https:\/\/mosquitos.ebd.csic.es\/wp-content\/uploads\/2026\/03\/GGPLOT_RURAL_2025-300x151.jpeg 300w, https:\/\/mosquitos.ebd.csic.es\/wp-content\/uploads\/2026\/03\/GGPLOT_RURAL_2025-150x75.jpeg 150w, https:\/\/mosquitos.ebd.csic.es\/wp-content\/uploads\/2026\/03\/GGPLOT_RURAL_2025-768x386.jpeg 768w\" sizes=\"auto, (max-width: 1280px) 100vw, 1280px\" \/><\/figure>\n\n\n\n<figure class=\"wp-block-image alignfull size-full\"><img loading=\"lazy\" decoding=\"async\" width=\"1280\" height=\"644\" src=\"https:\/\/mosquitos.ebd.csic.es\/wp-content\/uploads\/2025\/03\/RURAL_2024log.jpeg\" alt=\"\" class=\"wp-image-1303\" srcset=\"https:\/\/mosquitos.ebd.csic.es\/wp-content\/uploads\/2025\/03\/RURAL_2024log.jpeg 1280w, https:\/\/mosquitos.ebd.csic.es\/wp-content\/uploads\/2025\/03\/RURAL_2024log-300x151.jpeg 300w, https:\/\/mosquitos.ebd.csic.es\/wp-content\/uploads\/2025\/03\/RURAL_2024log-150x75.jpeg 150w, https:\/\/mosquitos.ebd.csic.es\/wp-content\/uploads\/2025\/03\/RURAL_2024log-768x386.jpeg 768w\" sizes=\"auto, (max-width: 1280px) 100vw, 1280px\" \/><\/figure>\n\n\n\n<div style=\"height:25px\" aria-hidden=\"true\" class=\"wp-block-spacer\"><\/div>\n\n\n\n<hr class=\"wp-block-separator has-alpha-channel-opacity\"\/>\n\n\n\n<h2 class=\"wp-block-heading has-text-align-center has-medium-font-size\"><strong>Arriba, las capturas (eje Y) han sido <em>transformadas logaritmicamente<\/em> para apreciar mejor las semanas con capturas poco abundantes. Abajo, los mism<em>os datos de capturas sin transformar.<\/em><\/strong><\/h2>\n\n\n\n<figure class=\"wp-block-image alignfull size-full\"><img loading=\"lazy\" decoding=\"async\" width=\"1280\" height=\"644\" src=\"https:\/\/mosquitos.ebd.csic.es\/wp-content\/uploads\/2026\/03\/GGPLOT_RURAL_2025-1.jpeg\" alt=\"\" class=\"wp-image-1388\" srcset=\"https:\/\/mosquitos.ebd.csic.es\/wp-content\/uploads\/2026\/03\/GGPLOT_RURAL_2025-1.jpeg 1280w, https:\/\/mosquitos.ebd.csic.es\/wp-content\/uploads\/2026\/03\/GGPLOT_RURAL_2025-1-300x151.jpeg 300w, https:\/\/mosquitos.ebd.csic.es\/wp-content\/uploads\/2026\/03\/GGPLOT_RURAL_2025-1-150x75.jpeg 150w, https:\/\/mosquitos.ebd.csic.es\/wp-content\/uploads\/2026\/03\/GGPLOT_RURAL_2025-1-768x386.jpeg 768w\" sizes=\"auto, (max-width: 1280px) 100vw, 1280px\" \/><\/figure>\n\n\n\n<figure class=\"wp-block-image alignfull size-full\"><img loading=\"lazy\" decoding=\"async\" width=\"1280\" height=\"644\" src=\"https:\/\/mosquitos.ebd.csic.es\/wp-content\/uploads\/2025\/03\/RURAL_2024.jpeg\" alt=\"\" class=\"wp-image-1305\" srcset=\"https:\/\/mosquitos.ebd.csic.es\/wp-content\/uploads\/2025\/03\/RURAL_2024.jpeg 1280w, https:\/\/mosquitos.ebd.csic.es\/wp-content\/uploads\/2025\/03\/RURAL_2024-300x151.jpeg 300w, https:\/\/mosquitos.ebd.csic.es\/wp-content\/uploads\/2025\/03\/RURAL_2024-150x75.jpeg 150w, https:\/\/mosquitos.ebd.csic.es\/wp-content\/uploads\/2025\/03\/RURAL_2024-768x386.jpeg 768w\" sizes=\"auto, (max-width: 1280px) 100vw, 1280px\" \/><\/figure>\n\n\n\n<hr class=\"wp-block-separator has-css-opacity\"\/>\n\n\n\n<p class=\"has-text-align-center has-medium-font-size\"><\/p>\n\n\n\n<h2 class=\"wp-block-heading has-text-align-center\">GRACIAS POR SU VISITA<\/h2>\n\n\n<div class=\"wp-block-image is-style-default\">\n<figure class=\"aligncenter size-large is-resized\"><a href=\"http:\/\/ebd.csic.es\"><img decoding=\"async\" src=\"https:\/\/mosquitos.ebd.csic.es\/wp-content\/uploads\/2021\/05\/EBD-CSIC.ico\" alt=\"\" class=\"wp-image-35\" style=\"width:105px;height:82px\"\/><\/a><\/figure>\n<\/div>","protected":false},"excerpt":{"rendered":"<p>Las gr\u00e1ficas muestran el n\u00famero de mosquitos capturados en las trampas de mosquitos durante 24 horas. Los datos se han agrupado en dos categor\u00edas: en rojo las principales especies transmisoras del virus West Nile en Andaluc\u00eda (Culex perexiguus, Culex pipiens y Culex modestus) y en verde el resto de especies. El n\u00famero de capturas que<\/p>\n<div><a class=\"btn-filled btn\" href=\"https:\/\/mosquitos.ebd.csic.es\/?page_id=1138\" title=\"Capturas en La Ca\u00f1ada de los P\u00e1jaros y Dehesa de Abajo 2026\">Leer m\u00e1s<\/a><\/div>\n","protected":false},"author":1,"featured_media":0,"parent":2,"menu_order":0,"comment_status":"closed","ping_status":"open","template":"page-templates\/full-width.php","meta":{"footnotes":""},"class_list":["post-1138","page","type-page","status-publish","hentry"],"yoast_head":"<!-- This site is optimized with the Yoast SEO plugin v25.2 - https:\/\/yoast.com\/wordpress\/plugins\/seo\/ -->\n<title>Capturas en La Ca\u00f1ada de los P\u00e1jaros y Dehesa de Abajo 2026 - Observatorio de mosquitos del Guadalquivir<\/title>\n<meta name=\"robots\" content=\"index, follow, max-snippet:-1, max-image-preview:large, max-video-preview:-1\" \/>\n<link rel=\"canonical\" href=\"https:\/\/mosquitos.ebd.csic.es\/?page_id=1138\" \/>\n<meta property=\"og:locale\" content=\"es_ES\" \/>\n<meta property=\"og:type\" content=\"article\" \/>\n<meta property=\"og:title\" content=\"Capturas en La Ca\u00f1ada de los P\u00e1jaros y Dehesa de Abajo 2026 - Observatorio de mosquitos del Guadalquivir\" \/>\n<meta property=\"og:description\" content=\"Las gr\u00e1ficas muestran el n\u00famero de mosquitos capturados en las trampas de mosquitos durante 24 horas. Los datos se han agrupado en dos categor\u00edas: en rojo las principales especies transmisoras del virus West Nile en Andaluc\u00eda (Culex perexiguus, Culex pipiens y Culex modestus) y en verde el resto de especies. El n\u00famero de capturas queLeer m\u00e1s\" \/>\n<meta property=\"og:url\" content=\"https:\/\/mosquitos.ebd.csic.es\/?page_id=1138\" \/>\n<meta property=\"og:site_name\" content=\"Observatorio de mosquitos del Guadalquivir\" \/>\n<meta property=\"article:modified_time\" content=\"2026-03-23T02:04:22+00:00\" \/>\n<meta property=\"og:image\" content=\"https:\/\/mosquitos.ebd.csic.es\/wp-content\/uploads\/2026\/03\/GGPLOT_RURAL_2025.jpeg\" \/>\n\t<meta property=\"og:image:width\" content=\"1280\" \/>\n\t<meta property=\"og:image:height\" content=\"644\" \/>\n\t<meta property=\"og:image:type\" content=\"image\/jpeg\" \/>\n<meta name=\"twitter:card\" content=\"summary_large_image\" \/>\n<meta name=\"twitter:label1\" content=\"Tiempo de lectura\" \/>\n\t<meta name=\"twitter:data1\" content=\"3 minutos\" \/>\n<script type=\"application\/ld+json\" class=\"yoast-schema-graph\">{\"@context\":\"https:\/\/schema.org\",\"@graph\":[{\"@type\":\"WebPage\",\"@id\":\"https:\/\/mosquitos.ebd.csic.es\/?page_id=1138\",\"url\":\"https:\/\/mosquitos.ebd.csic.es\/?page_id=1138\",\"name\":\"Capturas en La Ca\u00f1ada de los P\u00e1jaros y Dehesa de Abajo 2026 - Observatorio de mosquitos del Guadalquivir\",\"isPartOf\":{\"@id\":\"https:\/\/mosquitos.ebd.csic.es\/#website\"},\"primaryImageOfPage\":{\"@id\":\"https:\/\/mosquitos.ebd.csic.es\/?page_id=1138#primaryimage\"},\"image\":{\"@id\":\"https:\/\/mosquitos.ebd.csic.es\/?page_id=1138#primaryimage\"},\"thumbnailUrl\":\"https:\/\/mosquitos.ebd.csic.es\/wp-content\/uploads\/2026\/03\/GGPLOT_RURAL_2025.jpeg\",\"datePublished\":\"2023-03-27T08:34:13+00:00\",\"dateModified\":\"2026-03-23T02:04:22+00:00\",\"breadcrumb\":{\"@id\":\"https:\/\/mosquitos.ebd.csic.es\/?page_id=1138#breadcrumb\"},\"inLanguage\":\"es\",\"potentialAction\":[{\"@type\":\"ReadAction\",\"target\":[\"https:\/\/mosquitos.ebd.csic.es\/?page_id=1138\"]}]},{\"@type\":\"ImageObject\",\"inLanguage\":\"es\",\"@id\":\"https:\/\/mosquitos.ebd.csic.es\/?page_id=1138#primaryimage\",\"url\":\"https:\/\/mosquitos.ebd.csic.es\/wp-content\/uploads\/2026\/03\/GGPLOT_RURAL_2025.jpeg\",\"contentUrl\":\"https:\/\/mosquitos.ebd.csic.es\/wp-content\/uploads\/2026\/03\/GGPLOT_RURAL_2025.jpeg\",\"width\":1280,\"height\":644},{\"@type\":\"BreadcrumbList\",\"@id\":\"https:\/\/mosquitos.ebd.csic.es\/?page_id=1138#breadcrumb\",\"itemListElement\":[{\"@type\":\"ListItem\",\"position\":1,\"name\":\"Portada\",\"item\":\"https:\/\/mosquitos.ebd.csic.es\/\"},{\"@type\":\"ListItem\",\"position\":2,\"name\":\"Gr\u00e1ficas de capturas\",\"item\":\"https:\/\/mosquitos.ebd.csic.es\/?page_id=2\"},{\"@type\":\"ListItem\",\"position\":3,\"name\":\"Capturas en La Ca\u00f1ada de los P\u00e1jaros y Dehesa de Abajo 2026\"}]},{\"@type\":\"WebSite\",\"@id\":\"https:\/\/mosquitos.ebd.csic.es\/#website\",\"url\":\"https:\/\/mosquitos.ebd.csic.es\/\",\"name\":\"Observatorio de mosquitos del Guadalquivir\",\"description\":\"\",\"potentialAction\":[{\"@type\":\"SearchAction\",\"target\":{\"@type\":\"EntryPoint\",\"urlTemplate\":\"https:\/\/mosquitos.ebd.csic.es\/?s={search_term_string}\"},\"query-input\":{\"@type\":\"PropertyValueSpecification\",\"valueRequired\":true,\"valueName\":\"search_term_string\"}}],\"inLanguage\":\"es\"}]}<\/script>\n<!-- \/ Yoast SEO plugin. -->","yoast_head_json":{"title":"Capturas en La Ca\u00f1ada de los P\u00e1jaros y Dehesa de Abajo 2026 - Observatorio de mosquitos del Guadalquivir","robots":{"index":"index","follow":"follow","max-snippet":"max-snippet:-1","max-image-preview":"max-image-preview:large","max-video-preview":"max-video-preview:-1"},"canonical":"https:\/\/mosquitos.ebd.csic.es\/?page_id=1138","og_locale":"es_ES","og_type":"article","og_title":"Capturas en La Ca\u00f1ada de los P\u00e1jaros y Dehesa de Abajo 2026 - Observatorio de mosquitos del Guadalquivir","og_description":"Las gr\u00e1ficas muestran el n\u00famero de mosquitos capturados en las trampas de mosquitos durante 24 horas. Los datos se han agrupado en dos categor\u00edas: en rojo las principales especies transmisoras del virus West Nile en Andaluc\u00eda (Culex perexiguus, Culex pipiens y Culex modestus) y en verde el resto de especies. El n\u00famero de capturas queLeer m\u00e1s","og_url":"https:\/\/mosquitos.ebd.csic.es\/?page_id=1138","og_site_name":"Observatorio de mosquitos del Guadalquivir","article_modified_time":"2026-03-23T02:04:22+00:00","og_image":[{"width":1280,"height":644,"url":"https:\/\/mosquitos.ebd.csic.es\/wp-content\/uploads\/2026\/03\/GGPLOT_RURAL_2025.jpeg","type":"image\/jpeg"}],"twitter_card":"summary_large_image","twitter_misc":{"Tiempo de lectura":"3 minutos"},"schema":{"@context":"https:\/\/schema.org","@graph":[{"@type":"WebPage","@id":"https:\/\/mosquitos.ebd.csic.es\/?page_id=1138","url":"https:\/\/mosquitos.ebd.csic.es\/?page_id=1138","name":"Capturas en La Ca\u00f1ada de los P\u00e1jaros y Dehesa de Abajo 2026 - Observatorio de mosquitos del Guadalquivir","isPartOf":{"@id":"https:\/\/mosquitos.ebd.csic.es\/#website"},"primaryImageOfPage":{"@id":"https:\/\/mosquitos.ebd.csic.es\/?page_id=1138#primaryimage"},"image":{"@id":"https:\/\/mosquitos.ebd.csic.es\/?page_id=1138#primaryimage"},"thumbnailUrl":"https:\/\/mosquitos.ebd.csic.es\/wp-content\/uploads\/2026\/03\/GGPLOT_RURAL_2025.jpeg","datePublished":"2023-03-27T08:34:13+00:00","dateModified":"2026-03-23T02:04:22+00:00","breadcrumb":{"@id":"https:\/\/mosquitos.ebd.csic.es\/?page_id=1138#breadcrumb"},"inLanguage":"es","potentialAction":[{"@type":"ReadAction","target":["https:\/\/mosquitos.ebd.csic.es\/?page_id=1138"]}]},{"@type":"ImageObject","inLanguage":"es","@id":"https:\/\/mosquitos.ebd.csic.es\/?page_id=1138#primaryimage","url":"https:\/\/mosquitos.ebd.csic.es\/wp-content\/uploads\/2026\/03\/GGPLOT_RURAL_2025.jpeg","contentUrl":"https:\/\/mosquitos.ebd.csic.es\/wp-content\/uploads\/2026\/03\/GGPLOT_RURAL_2025.jpeg","width":1280,"height":644},{"@type":"BreadcrumbList","@id":"https:\/\/mosquitos.ebd.csic.es\/?page_id=1138#breadcrumb","itemListElement":[{"@type":"ListItem","position":1,"name":"Portada","item":"https:\/\/mosquitos.ebd.csic.es\/"},{"@type":"ListItem","position":2,"name":"Gr\u00e1ficas de capturas","item":"https:\/\/mosquitos.ebd.csic.es\/?page_id=2"},{"@type":"ListItem","position":3,"name":"Capturas en La Ca\u00f1ada de los P\u00e1jaros y Dehesa de Abajo 2026"}]},{"@type":"WebSite","@id":"https:\/\/mosquitos.ebd.csic.es\/#website","url":"https:\/\/mosquitos.ebd.csic.es\/","name":"Observatorio de mosquitos del Guadalquivir","description":"","potentialAction":[{"@type":"SearchAction","target":{"@type":"EntryPoint","urlTemplate":"https:\/\/mosquitos.ebd.csic.es\/?s={search_term_string}"},"query-input":{"@type":"PropertyValueSpecification","valueRequired":true,"valueName":"search_term_string"}}],"inLanguage":"es"}]}},"guten_post_layout_featured_media_urls":{"full":false,"thumbnail":false,"medium":false,"medium_large":false,"large":false,"1536x1536":false,"2048x2048":false,"guten_post_layout_landscape_large":false,"guten_post_layout_portrait_large":false,"guten_post_layout_square_large":false,"guten_post_layout_landscape":false,"guten_post_layout_portrait":false,"guten_post_layout_square":false,"shapely-full":false,"shapely-featured":false,"shapely-grid":false},"_links":{"self":[{"href":"https:\/\/mosquitos.ebd.csic.es\/index.php?rest_route=\/wp\/v2\/pages\/1138","targetHints":{"allow":["GET"]}}],"collection":[{"href":"https:\/\/mosquitos.ebd.csic.es\/index.php?rest_route=\/wp\/v2\/pages"}],"about":[{"href":"https:\/\/mosquitos.ebd.csic.es\/index.php?rest_route=\/wp\/v2\/types\/page"}],"author":[{"embeddable":true,"href":"https:\/\/mosquitos.ebd.csic.es\/index.php?rest_route=\/wp\/v2\/users\/1"}],"replies":[{"embeddable":true,"href":"https:\/\/mosquitos.ebd.csic.es\/index.php?rest_route=%2Fwp%2Fv2%2Fcomments&post=1138"}],"version-history":[{"count":8,"href":"https:\/\/mosquitos.ebd.csic.es\/index.php?rest_route=\/wp\/v2\/pages\/1138\/revisions"}],"predecessor-version":[{"id":1393,"href":"https:\/\/mosquitos.ebd.csic.es\/index.php?rest_route=\/wp\/v2\/pages\/1138\/revisions\/1393"}],"up":[{"embeddable":true,"href":"https:\/\/mosquitos.ebd.csic.es\/index.php?rest_route=\/wp\/v2\/pages\/2"}],"wp:attachment":[{"href":"https:\/\/mosquitos.ebd.csic.es\/index.php?rest_route=%2Fwp%2Fv2%2Fmedia&parent=1138"}],"curies":[{"name":"wp","href":"https:\/\/api.w.org\/{rel}","templated":true}]}}